{"id":151,"date":"2022-01-16T18:20:32","date_gmt":"2022-01-16T18:20:32","guid":{"rendered":"https:\/\/johaniku.dk\/?page_id=151"},"modified":"2024-04-26T13:28:21","modified_gmt":"2024-04-26T12:28:21","slug":"projekt","status":"publish","type":"page","link":"https:\/\/johaniku.dk\/?page_id=151","title":{"rendered":"Projekt:"},"content":{"rendered":"<p>Igangv\u00e6rende projekt:\u00a0 \u00a0Vinduer mod syd, skifte overliggere, da de er frost og rust spr\u00e6ngt.<\/p>\n<p>Fjernvarme L\u00e6gge sten efter opgravning, nedtage skorsten, skifte 4 tagplader efter skorsten. (marts 2024)<br \/>\nBrygge \u00f8l p\u00e5 eget anl\u00e6g, &#8211; nu er brygmester hr.\u00a0Madsen! December 2023<br \/>\nOprydning p\u00e5 loftet (2016-2022)<br \/>\nNyt gr\u00e6s, og etablering af robotpl\u00e6neklipper. (sommeren 2021)<br \/>\nSimpflicering af haven, fjerne Efeu og bundd\u00e6kke i diverse bede. F\u00e6lde 3 stor tr\u00e6er (oktober 2020)<br \/>\nNyt k\u00f8kken (maj 2019 &#8211; april 2020)<br \/>\nAfsluttet:\u00a0Ny flagstang ( maj 2017)<br \/>\nNy KOI dam 6m2 (over og under jordskorpen).<br \/>\nRotter p\u00e5 loftet (januar &#8211; Dec 2016) Tr\u00e5dnet rundt om huset opsat, og udh\u00e6ng skiftet og malet)<br \/>\nReparation af Stikledninger\/kloak. Retablerng af fliser ved ford\u00f8r og ved garage (juli 2016)<br \/>\nBesk\u00e6re kirseb\u00e6rtr\u00e6et (oktober 2015)<br \/>\nBesk\u00e6re r\u00f8db\u00f8gen (oktober 2015)<br \/>\nAfsluttet:\u00a0F\u00e6ldning af de tre store piletr\u00e6er (august 2015)<br \/>\nKOI fisk og havedam (august 2015)<br \/>\nNyt job ved TDCHosting (1 august 2015)<br \/>\nDrivhus (juli 2015)<br \/>\nNicklas\u00a0gl. v\u00e6relse v\u00e6g og loft males samt nyt gulvt\u00e6ppe og nye lister efter\u00e5r 2014<br \/>\nNy golf tr\u00e6ningsplatform. (maj 2014)<br \/>\nNyt gulvt\u00e6ppe i stue, samt nye fodlister. (januar 2014)<\/p>\n<p>Loftbr\u00e6dder males hvide i stue og k\u00f8kken, samt nye loftlister. (dec 2013)<br \/>\nBed oml\u00e6gges mod nord, gr\u00e6s fjernes, t\u00f8rrestativ fjernes (sep-okt 2013)<br \/>\nTaresse mod nord etableres samt afsk\u00e6rmning mod carport august 2013<br \/>\nStakit mod hovedsti forst\u00e6rkes og ny yderside l\u00e6gges juni 2013<br \/>\nJonas gl. v\u00e6relse v\u00e6g og loft males samt nyt gulvt\u00e6ppe nye lister juli 2013<br \/>\nBordben akkortes 2,5 cm p\u00e5 havebord! august 2012<br \/>\nTaresse afsk\u00e6rmning, special med kikhuller! juni 2012<br \/>\nLille taresse til trilleb\u00f8r og affaldsstativ juli 2011<br \/>\nKantsten op imod plankev\u00e6rk juli 2011.<br \/>\nNye gulvfliser p\u00e5 toilet (skitse) juni 2011<br \/>\nNy bruseniche, fliser, glassvingd\u00f8re og brusetermostat &#8211; maj 2011<br \/>\nGammet tag ned. Nye l\u00e6gter, tagplader og tagrender &#8211; P\u00e5sken 2011<br \/>\nNye skabsl\u00e5ger p\u00e5 toilet &#8211; april 2011<br \/>\nNy v\u00e6gbekl\u00e6dning p\u00e5 toilet &#8211; januar &#8211; marts 2011<\/p>\n<p>Taresse udskiftet og udvidet ved taressed\u00f8r &#8211; 50m2 oktober 2010<br \/>\nTaresse foran hus august\/september 2010<br \/>\nVaskemaskine og t\u00f8rretumbler skal flyttes ud p\u00e5 badev\u00e6relset 2010<br \/>\nBaggang nye over, underskabe, bordplade. Vand kloak bl\u00e6ndes 2010<br \/>\nBadekar skal v\u00e6k, maj 2010<br \/>\n8 Malerier malet i efter\u00e5ret 2009<br \/>\nJoomla hjemmesider p\u00e5 egen server, 2009<br \/>\n7 Nye d\u00f8re og d\u00f8rkarme, 2008\/2009<br \/>\nStativer til h\u00e6ngek\u00f8jer, efter\u00e5r 2008<br \/>\nStakit i haven mod nord, 2008<br \/>\nNicklas nyt v\u00e6relse, november 2007<br \/>\nJonas nyt v\u00e6relse, september 2007<br \/>\nGarage endegavl, for\u00e5r 2007<br \/>\nMunkesten, 2007<br \/>\nDobbelt Garage, sommer\/eftter\u00e5r 2006<br \/>\nTaresse imellem skure, efter\u00e5r 2006<br \/>\nSkur 2, for\u00e5r 2006<br \/>\nSkur 1, april 2004<br \/>\nNy bagd\u00f8r efter\u00e5r 2002<\/p>\n<p>Loftrum, 1998<\/p>\n<p>Erlingsminde 27 &#8211; Kurt ene ejer efter skilsmisse 4 september 1984.<br \/>\nErlingsminde 27 &#8211; slutseddel 08 december 1983.<\/p>\n<p>Erlingsminde 27 &#8211; salgsopstilling 30 september 1983.<br \/>\nErlingsminde 27 &#8211; tvangsauktion 12 oktober 1983.<\/p>\n<p>Erlingsminde 27 &#8211; ibrugtagningstilladelse 15 juni 1981.<br \/>\nErlingsminde 27 &#8211; byggetilladelse givet 4 december 1980.<\/p>\n","protected":false},"excerpt":{"rendered":"<p>Igangv\u00e6rende projekt:\u00a0 \u00a0Vinduer mod syd, skifte overliggere, da de er frost og rust spr\u00e6ngt. Fjernvarme L\u00e6gge sten efter opgravning, nedtage skorsten, skifte 4 tagplader efter skorsten. (marts 2024) Brygge \u00f8l p\u00e5 eget anl\u00e6g, &#8211; nu er brygmester hr.\u00a0Madsen! December 2023 Oprydning p\u00e5 loftet (2016-2022) Nyt gr\u00e6s, og etablering af robotpl\u00e6neklipper. (sommeren 2021) Simpflicering af haven, &hellip; <\/p>\n<p class=\"link-more\"><a href=\"https:\/\/johaniku.dk\/?page_id=151\" class=\"more-link\">L\u00e6s videre<span class=\"screen-reader-text\"> &#8220;Projekt:&#8221;<\/span><\/a><\/p>\n","protected":false},"author":1,"featured_media":0,"parent":0,"menu_order":0,"comment_status":"closed","ping_status":"closed","template":"","meta":{"footnotes":""},"class_list":["post-151","page","type-page","status-publish","hentry"],"_links":{"self":[{"href":"https:\/\/johaniku.dk\/index.php?rest_route=\/wp\/v2\/pages\/151","targetHints":{"allow":["GET"]}}],"collection":[{"href":"https:\/\/johaniku.dk\/index.php?rest_route=\/wp\/v2\/pages"}],"about":[{"href":"https:\/\/johaniku.dk\/index.php?rest_route=\/wp\/v2\/types\/page"}],"author":[{"embeddable":true,"href":"https:\/\/johaniku.dk\/index.php?rest_route=\/wp\/v2\/users\/1"}],"replies":[{"embeddable":true,"href":"https:\/\/johaniku.dk\/index.php?rest_route=%2Fwp%2Fv2%2Fcomments&post=151"}],"version-history":[{"count":13,"href":"https:\/\/johaniku.dk\/index.php?rest_route=\/wp\/v2\/pages\/151\/revisions"}],"predecessor-version":[{"id":782,"href":"https:\/\/johaniku.dk\/index.php?rest_route=\/wp\/v2\/pages\/151\/revisions\/782"}],"wp:attachment":[{"href":"https:\/\/johaniku.dk\/index.php?rest_route=%2Fwp%2Fv2%2Fmedia&parent=151"}],"curies":[{"name":"wp","href":"https:\/\/api.w.org\/{rel}","templated":true}]}}