{"id":215,"date":"2022-01-18T06:02:53","date_gmt":"2022-01-18T06:02:53","guid":{"rendered":"https:\/\/johaniku.dk\/?page_id=215"},"modified":"2025-12-13T08:46:22","modified_gmt":"2025-12-13T07:46:22","slug":"familien","status":"publish","type":"page","link":"https:\/\/johaniku.dk\/?page_id=215","title":{"rendered":"Familien"},"content":{"rendered":"<p>Jonas Kj\u00e6rsgaard Madsen<br \/>\n010690 kl 15.25 (tvillingerne)<br \/>\nMakeMake<br \/>\n<a href=\"https:\/\/www.randersbolig.dk\/boligforeningen-kronjylland\/min-afdeling\/r-hougaardsvej-2\/afdelingsforside\/?key=12_6\">Bolig<\/a><\/p>\n<p>Nicklas<br \/>\nNicklas Kj\u00e6rsgaard Madsen<br \/>\n060588 kl 13.12 (tyren)<br \/>\nitm8<\/p>\n<p>Hanne Kj\u00e6rsgaard<br \/>\n110962 kl 23.50 (jomfruen)<br \/>\nRanders Storcenter<\/p>\n<p>Kurt Madsen<br \/>\n240857 kl 11.00 (jomfruen)<br \/>\nitm8<\/p>\n","protected":false},"excerpt":{"rendered":"<p>Jonas Kj\u00e6rsgaard Madsen 010690 kl 15.25 (tvillingerne) MakeMake Bolig Nicklas Nicklas Kj\u00e6rsgaard Madsen 060588 kl 13.12 (tyren) itm8 Hanne Kj\u00e6rsgaard 110962 kl 23.50 (jomfruen) Randers Storcenter Kurt Madsen 240857 kl 11.00 (jomfruen) itm8<\/p>\n","protected":false},"author":1,"featured_media":0,"parent":0,"menu_order":0,"comment_status":"closed","ping_status":"closed","template":"","meta":{"footnotes":""},"class_list":["post-215","page","type-page","status-publish","hentry"],"_links":{"self":[{"href":"https:\/\/johaniku.dk\/index.php?rest_route=\/wp\/v2\/pages\/215","targetHints":{"allow":["GET"]}}],"collection":[{"href":"https:\/\/johaniku.dk\/index.php?rest_route=\/wp\/v2\/pages"}],"about":[{"href":"https:\/\/johaniku.dk\/index.php?rest_route=\/wp\/v2\/types\/page"}],"author":[{"embeddable":true,"href":"https:\/\/johaniku.dk\/index.php?rest_route=\/wp\/v2\/users\/1"}],"replies":[{"embeddable":true,"href":"https:\/\/johaniku.dk\/index.php?rest_route=%2Fwp%2Fv2%2Fcomments&post=215"}],"version-history":[{"count":4,"href":"https:\/\/johaniku.dk\/index.php?rest_route=\/wp\/v2\/pages\/215\/revisions"}],"predecessor-version":[{"id":839,"href":"https:\/\/johaniku.dk\/index.php?rest_route=\/wp\/v2\/pages\/215\/revisions\/839"}],"wp:attachment":[{"href":"https:\/\/johaniku.dk\/index.php?rest_route=%2Fwp%2Fv2%2Fmedia&parent=215"}],"curies":[{"name":"wp","href":"https:\/\/api.w.org\/{rel}","templated":true}]}}