{"id":264,"date":"2022-03-02T11:47:46","date_gmt":"2022-03-02T11:47:46","guid":{"rendered":"https:\/\/johaniku.dk\/?page_id=264"},"modified":"2024-04-23T14:39:35","modified_gmt":"2024-04-23T13:39:35","slug":"udendors","status":"publish","type":"page","link":"https:\/\/johaniku.dk\/?page_id=264","title":{"rendered":"Diverse:"},"content":{"rendered":"\r\n<p>Flagstang 8 meter, flag 225 x 170, flagline 5mm. Plastknop 160mm.<\/p>\r\n\r\n\r\n\r\n<p>2 stk. KOI stor (B1 og B2) B2 er med mest sort. 2 stk. KOI lille (Ghost og Lady-eye)\u00a0&#8211; Ghost hoppede ud og d\u00f8de. 2 stk. KOI lille (chip og chap) chip er r\u00f8d, 3 stk. gr\u00e6skarper. &#8220;sorte&#8221;<\/p>\r\n\r\n\r\n\r\n\r\n\r\n<p><a href=\"https:\/\/johaniku.dk\/wp-content\/uploads\/2022\/03\/PondoPress_10000.pdf\" target=\"_blank\" rel=\"noreferrer noopener\">Pond filter PondoPress Set 10000 (m\u00e5ske udg\u00e5et)<\/a><\/p>\r\n<p>Reservedele: <a href=\"https:\/\/koishopper.dk\/\" data-type=\"link\" data-id=\"https:\/\/koishopper.dk\/\">Koishopper<\/a><br \/>Gammelt filter:\u00a0<a href=\"https:\/\/johaniku.dk\/wp-content\/uploads\/2022\/03\/HOZELOCK-PUMPE-EASY-CLEAR-3000.pdf\" target=\"_blank\" rel=\"noreferrer noopener\">Hozelock pumpe easy clear 3000<\/a><br \/>UV P\u00e6rer 9w PL Eco<\/p>\r\n\r\n\r\n\r\n\r\n\r\n\r\n\r\n<p><a href=\"http:\/\/www.dajolka.net\/\" target=\"_blank\" rel=\"noreferrer noopener\">Filterposer WebShop<\/a> <strong>Bassin 5985 Liter. (6m3)<\/strong><\/p>\r\n<p><a href=\"https:\/\/www.gardena.com\/dk\/produkter\/plaenepleje\/robotplaeneklippere\/robotplaneklipper-sileno-minimo-400-m\/970517005.html\" target=\"_blank\" rel=\"noopener\">Gardena minimo 400 robotpl\u00e6neklipper.<\/a><\/p>\r\n\r\n\r\n\r\n<p>Tagplader: <strong>CEMBRIT C 02<\/strong> 20<strong>11 0162 NT<\/strong><\/p>\r\n<p>Indend\u00f8rs:<br \/>Akvarie 240 liter. ved\u00a0Kurt (\u00a0<a href=\"https:\/\/www.dyrecenter.dk\/\" target=\"_blank\" rel=\"noreferrer noopener\">Lystrup Dyrecenter<\/a> ),<br \/>Akvarie 115 liter i stuen:\u00a0 <a href=\"http:\/\/unimati.dk\/\" target=\"_blank\" rel=\"noreferrer noopener\">UNIMATI<\/a>\u00a0<\/p>\r\n\r\n\r\n\r\n\r\n\r\n<p>&nbsp;<\/p>\r\n","protected":false},"excerpt":{"rendered":"<p>Flagstang 8 meter, flag 225 x 170, flagline 5mm. Plastknop 160mm. 2 stk. KOI stor (B1 og B2) B2 er med mest sort. 2 stk. KOI lille (Ghost og Lady-eye)\u00a0&#8211; Ghost hoppede ud og d\u00f8de. 2 stk. KOI lille (chip og chap) chip er r\u00f8d, 3 stk. gr\u00e6skarper. &#8220;sorte&#8221; Pond filter PondoPress Set 10000 (m\u00e5ske &hellip; <\/p>\n<p class=\"link-more\"><a href=\"https:\/\/johaniku.dk\/?page_id=264\" class=\"more-link\">L\u00e6s videre<span class=\"screen-reader-text\"> &#8220;Diverse:&#8221;<\/span><\/a><\/p>\n","protected":false},"author":1,"featured_media":0,"parent":0,"menu_order":0,"comment_status":"closed","ping_status":"closed","template":"","meta":{"footnotes":""},"class_list":["post-264","page","type-page","status-publish","hentry"],"_links":{"self":[{"href":"https:\/\/johaniku.dk\/index.php?rest_route=\/wp\/v2\/pages\/264","targetHints":{"allow":["GET"]}}],"collection":[{"href":"https:\/\/johaniku.dk\/index.php?rest_route=\/wp\/v2\/pages"}],"about":[{"href":"https:\/\/johaniku.dk\/index.php?rest_route=\/wp\/v2\/types\/page"}],"author":[{"embeddable":true,"href":"https:\/\/johaniku.dk\/index.php?rest_route=\/wp\/v2\/users\/1"}],"replies":[{"embeddable":true,"href":"https:\/\/johaniku.dk\/index.php?rest_route=%2Fwp%2Fv2%2Fcomments&post=264"}],"version-history":[{"count":13,"href":"https:\/\/johaniku.dk\/index.php?rest_route=\/wp\/v2\/pages\/264\/revisions"}],"predecessor-version":[{"id":778,"href":"https:\/\/johaniku.dk\/index.php?rest_route=\/wp\/v2\/pages\/264\/revisions\/778"}],"wp:attachment":[{"href":"https:\/\/johaniku.dk\/index.php?rest_route=%2Fwp%2Fv2%2Fmedia&parent=264"}],"curies":[{"name":"wp","href":"https:\/\/api.w.org\/{rel}","templated":true}]}}